{"id":86,"date":"2024-07-31T22:57:19","date_gmt":"2024-07-31T22:57:19","guid":{"rendered":"http:\/\/eden.local\/?page_id=86"},"modified":"2024-08-08T23:42:55","modified_gmt":"2024-08-08T23:42:55","slug":"paiements-securises","status":"publish","type":"page","link":"https:\/\/edenessences.com\/en\/paiements-securises\/","title":{"rendered":"Secure Payments"},"content":{"rendered":"<p>Toutes les transactions du site www.edenessences.com sont r\u00e9alis\u00e9es par paiement s\u00e9curis\u00e9 par\u00a0<strong>Paypal\u00a0<\/strong>ou<strong>\u00a0Carte bancaire<\/strong>\u00a0<br>Vous pouvez commander en toute s\u00e9curit\u00e9 sur la boutique en ligne Eden Essences gr\u00e2ce \u00e0 nos partenaires de paiements s\u00e9curis\u00e9s.\u00a0<\/p>\n\n\n\n<figure class=\"wp-block-image\"><img decoding=\"async\" src=\"https:\/\/cdn.shopify.com\/s\/files\/1\/0529\/7750\/0346\/files\/logo_paypal_240x240.png?v=1660031355\" alt=\"\"\/><\/figure>\n\n\n\n<p><strong>Paiement par PayPal (en Visa \/ Mastercard \/ American Express)<\/strong><\/p>\n\n\n\n<p>Vous pouvez payer avec&nbsp;<strong>Paypal&nbsp;<\/strong>en utilisant :<\/p>\n\n\n\n<ul class=\"wp-block-list\">\n<li><strong>Les cartes bancaires ci dessus<\/strong>&nbsp;(m\u00eame si vous n&rsquo;avez pas de compte Paypal)<\/li>\n\n\n\n<li><strong>Votre solde Paypal<\/strong>&nbsp;<\/li>\n<\/ul>","protected":false},"excerpt":{"rendered":"<p>Toutes les transactions du site www.edenessences.com sont r\u00e9alis\u00e9es par paiement s\u00e9curis\u00e9 par\u00a0Paypal\u00a0ou\u00a0Carte bancaire\u00a0Vous pouvez commander en toute s\u00e9curit\u00e9 sur la boutique en ligne Eden Essences gr\u00e2ce \u00e0 nos partenaires de paiements s\u00e9curis\u00e9s.\u00a0 Paiement par PayPal (en Visa \/ Mastercard \/ American Express) Vous pouvez payer avec&nbsp;Paypal&nbsp;en utilisant :<\/p>","protected":false},"author":1,"featured_media":0,"parent":0,"menu_order":0,"comment_status":"closed","ping_status":"closed","template":"","meta":{"_kad_blocks_custom_css":"","_kad_blocks_head_custom_js":"","_kad_blocks_body_custom_js":"","_kad_blocks_footer_custom_js":"","_kadence_starter_templates_imported_post":false,"_kad_post_transparent":"","_kad_post_title":"","_kad_post_layout":"","_kad_post_sidebar_id":"","_kad_post_content_style":"","_kad_post_vertical_padding":"","_kad_post_feature":"","_kad_post_feature_position":"","_kad_post_header":false,"_kad_post_footer":false,"footnotes":""},"class_list":["post-86","page","type-page","status-publish","hentry"],"taxonomy_info":[],"featured_image_src_large":false,"author_info":{"display_name":"lagab","author_link":"https:\/\/edenessences.com\/en\/author\/lagab\/"},"comment_info":0,"_hostinger_reach_plugin_has_subscription_block":false,"_hostinger_reach_plugin_is_elementor":false,"_links":{"self":[{"href":"https:\/\/edenessences.com\/en\/wp-json\/wp\/v2\/pages\/86","targetHints":{"allow":["GET"]}}],"collection":[{"href":"https:\/\/edenessences.com\/en\/wp-json\/wp\/v2\/pages"}],"about":[{"href":"https:\/\/edenessences.com\/en\/wp-json\/wp\/v2\/types\/page"}],"author":[{"embeddable":true,"href":"https:\/\/edenessences.com\/en\/wp-json\/wp\/v2\/users\/1"}],"replies":[{"embeddable":true,"href":"https:\/\/edenessences.com\/en\/wp-json\/wp\/v2\/comments?post=86"}],"version-history":[{"count":4,"href":"https:\/\/edenessences.com\/en\/wp-json\/wp\/v2\/pages\/86\/revisions"}],"predecessor-version":[{"id":519,"href":"https:\/\/edenessences.com\/en\/wp-json\/wp\/v2\/pages\/86\/revisions\/519"}],"wp:attachment":[{"href":"https:\/\/edenessences.com\/en\/wp-json\/wp\/v2\/media?parent=86"}],"curies":[{"name":"wp","href":"https:\/\/api.w.org\/{rel}","templated":true}]}}