{"id":498,"date":"2024-08-08T21:17:37","date_gmt":"2024-08-08T21:17:37","guid":{"rendered":"http:\/\/eden.local\/?page_id=498"},"modified":"2024-11-11T23:19:29","modified_gmt":"2024-11-11T23:19:29","slug":"mentions-legales","status":"publish","type":"page","link":"https:\/\/edenessences.com\/en\/mentions-legales\/","title":{"rendered":"Mentions l\u00e9gales"},"content":{"rendered":"<style>.wp-block-kadence-advancedheading.kt-adv-heading498_f324c2-2c, .wp-block-kadence-advancedheading.kt-adv-heading498_f324c2-2c[data-kb-block=\"kb-adv-heading498_f324c2-2c\"]{font-style:normal;}.wp-block-kadence-advancedheading.kt-adv-heading498_f324c2-2c mark.kt-highlight, .wp-block-kadence-advancedheading.kt-adv-heading498_f324c2-2c[data-kb-block=\"kb-adv-heading498_f324c2-2c\"] mark.kt-highlight{font-style:normal;color:#f76a0c;-webkit-box-decoration-break:clone;box-decoration-break:clone;padding-top:0px;padding-right:0px;padding-bottom:0px;padding-left:0px;}<\/style>\n<h2 class=\"kt-adv-heading498_f324c2-2c wp-block-kadence-advancedheading\" data-kb-block=\"kb-adv-heading498_f324c2-2c\"><strong>1. Informations G\u00e9n\u00e9rales<\/strong><\/h2>\n\n\n\n<p><strong>Propri\u00e9taire du site :<\/strong><br>Eden Essences<br>6 Rue Moli\u00e8re<br>59130 Lambersart, France<br>T\u00e9l\u00e9phone : +33 6 27 74 85 17<br>Email :&nbsp;<a>contact@edenessences.com<\/a><br>Site Web :&nbsp;<a href=\"https:\/\/edenessences.com\/en\/\" target=\"_blank\" rel=\"noopener noreferrer nofollow\">www.edenessences.com<\/a><\/p>\n\n\n\n<p><strong>Directeur de la publication :<\/strong><br>Ladislas GABRIEL<\/p>\n\n\n\n<p><strong>H\u00e9bergeur :<\/strong><br>Hostinger&nbsp;International Ltd.<br>61&nbsp;Lordou&nbsp;Vironos&nbsp;str<br>6023&nbsp;Larnaca, Chypre&nbsp;<br><a href=\"mailto:compliance@hostinger.com\">compliance@hostinger.com<\/a><\/p>\n\n\n\n<p><strong>SIRET :<\/strong>\u00a097957104900019<br><strong>Num\u00e9ro de TVA intracommunautaire :<\/strong>\u00a0FR92979571049<\/p>\n\n\n<style>.wp-block-kadence-advancedheading.kt-adv-heading498_a8e6c4-37, .wp-block-kadence-advancedheading.kt-adv-heading498_a8e6c4-37[data-kb-block=\"kb-adv-heading498_a8e6c4-37\"]{font-style:normal;}.wp-block-kadence-advancedheading.kt-adv-heading498_a8e6c4-37 mark.kt-highlight, .wp-block-kadence-advancedheading.kt-adv-heading498_a8e6c4-37[data-kb-block=\"kb-adv-heading498_a8e6c4-37\"] mark.kt-highlight{font-style:normal;color:#f76a0c;-webkit-box-decoration-break:clone;box-decoration-break:clone;padding-top:0px;padding-right:0px;padding-bottom:0px;padding-left:0px;}<\/style>\n<h2 class=\"kt-adv-heading498_a8e6c4-37 wp-block-kadence-advancedheading\" data-kb-block=\"kb-adv-heading498_a8e6c4-37\"><strong>2. Conditions G\u00e9n\u00e9rales d&rsquo;Utilisation du Site<\/strong><\/h2>\n\n\n\n<p>L&rsquo;acc\u00e8s et l&rsquo;utilisation du site&nbsp;<a href=\"https:\/\/edenessences.com\/en\/\" target=\"_blank\" rel=\"noopener noreferrer nofollow\">www.edenessences.com<\/a>&nbsp;sont soumis aux pr\u00e9sentes conditions g\u00e9n\u00e9rales d&rsquo;utilisation. En naviguant sur ce site, vous acceptez les conditions suivantes :<\/p>\n\n\n\n<ul class=\"wp-block-list\">\n<li>Le contenu du site est prot\u00e9g\u00e9 par les lois sur la propri\u00e9t\u00e9 intellectuelle. Toute reproduction, m\u00eame partielle, des textes, images, ou \u00e9l\u00e9ments graphiques est interdite sans autorisation pr\u00e9alable.<\/li>\n\n\n\n<li>Eden Essences met tout en \u0153uvre pour fournir des informations \u00e0 jour et exactes. Toutefois, nous ne pouvons garantir l&rsquo;exactitude, l&rsquo;exhaustivit\u00e9, ou la mise \u00e0 jour des informations pr\u00e9sent\u00e9es sur ce site.<\/li>\n\n\n\n<li>Eden Essences ne saurait \u00eatre tenu responsable de tout dommage direct ou indirect r\u00e9sultant de l&rsquo;acc\u00e8s ou de l&rsquo;utilisation du site, y compris l&rsquo;impossibilit\u00e9 d&rsquo;acc\u00e8s.<\/li>\n<\/ul>\n\n\n<style>.wp-block-kadence-advancedheading.kt-adv-heading498_dd7902-82, .wp-block-kadence-advancedheading.kt-adv-heading498_dd7902-82[data-kb-block=\"kb-adv-heading498_dd7902-82\"]{font-style:normal;}.wp-block-kadence-advancedheading.kt-adv-heading498_dd7902-82 mark.kt-highlight, .wp-block-kadence-advancedheading.kt-adv-heading498_dd7902-82[data-kb-block=\"kb-adv-heading498_dd7902-82\"] mark.kt-highlight{font-style:normal;color:#f76a0c;-webkit-box-decoration-break:clone;box-decoration-break:clone;padding-top:0px;padding-right:0px;padding-bottom:0px;padding-left:0px;}<\/style>\n<h2 class=\"kt-adv-heading498_dd7902-82 wp-block-kadence-advancedheading\" data-kb-block=\"kb-adv-heading498_dd7902-82\"><strong>3. Propri\u00e9t\u00e9 Intellectuelle<\/strong><\/h2>\n\n\n\n<p>Tous les \u00e9l\u00e9ments pr\u00e9sents sur le site&nbsp;<a href=\"https:\/\/edenessences.com\/en\/\" target=\"_blank\" rel=\"noopener noreferrer nofollow\">www.edenessences.com<\/a>, incluant, sans s&rsquo;y limiter, les textes, images, graphismes, logo, ic\u00f4nes, sons, logiciels, sont la propri\u00e9t\u00e9 exclusive d&rsquo;Eden Essences ou de ses partenaires et sont prot\u00e9g\u00e9s par les lois fran\u00e7aises et internationales relatives \u00e0 la propri\u00e9t\u00e9 intellectuelle.<\/p>\n\n\n\n<p>Toute reproduction, distribution, modification, adaptation, retransmission ou publication, m\u00eame partielle, de ces diff\u00e9rents \u00e9l\u00e9ments est strictement interdite sans l&rsquo;accord \u00e9crit d&rsquo;Eden Essences.<\/p>\n\n\n<style>.wp-block-kadence-advancedheading.kt-adv-heading498_e1dd16-f2, .wp-block-kadence-advancedheading.kt-adv-heading498_e1dd16-f2[data-kb-block=\"kb-adv-heading498_e1dd16-f2\"]{font-style:normal;}.wp-block-kadence-advancedheading.kt-adv-heading498_e1dd16-f2 mark.kt-highlight, .wp-block-kadence-advancedheading.kt-adv-heading498_e1dd16-f2[data-kb-block=\"kb-adv-heading498_e1dd16-f2\"] mark.kt-highlight{font-style:normal;color:#f76a0c;-webkit-box-decoration-break:clone;box-decoration-break:clone;padding-top:0px;padding-right:0px;padding-bottom:0px;padding-left:0px;}<\/style>\n<h2 class=\"kt-adv-heading498_e1dd16-f2 wp-block-kadence-advancedheading\" data-kb-block=\"kb-adv-heading498_e1dd16-f2\"><strong>4. Protection des Donn\u00e9es Personnelles<\/strong><\/h2>\n\n\n\n<p>Conform\u00e9ment \u00e0 la loi \u00ab\u00a0Informatique et Libert\u00e9s\u00a0\u00bb du 6 janvier 1978 modifi\u00e9e, vous disposez d&rsquo;un droit d&rsquo;acc\u00e8s, de rectification, de modification et de suppression des donn\u00e9es personnelles que vous nous avez communiqu\u00e9es.<\/p>\n\n\n\n<p>Vous pouvez exercer ce droit en nous contactant par courrier \u00e0 l&rsquo;adresse suivante :<br>Eden Essences<br>6 Rue Moli\u00e8re<br>59130 Lambersart, France<br>Ou par email :&nbsp;<a>contact@edenessences.com<\/a><\/p>\n\n\n\n<p>Les informations collect\u00e9es sur le site&nbsp;<a href=\"https:\/\/edenessences.com\/en\/\" target=\"_blank\" rel=\"noopener noreferrer nofollow\">www.edenessences.com<\/a>&nbsp;sont destin\u00e9es \u00e0 l&rsquo;usage exclusif d&rsquo;Eden Essences. Elles ne seront en aucun cas partag\u00e9es avec des tiers sans votre consentement pr\u00e9alable, sauf si la loi l&rsquo;exige.<\/p>\n\n\n<style>.wp-block-kadence-advancedheading.kt-adv-heading498_32ed73-ed, .wp-block-kadence-advancedheading.kt-adv-heading498_32ed73-ed[data-kb-block=\"kb-adv-heading498_32ed73-ed\"]{font-style:normal;}.wp-block-kadence-advancedheading.kt-adv-heading498_32ed73-ed mark.kt-highlight, .wp-block-kadence-advancedheading.kt-adv-heading498_32ed73-ed[data-kb-block=\"kb-adv-heading498_32ed73-ed\"] mark.kt-highlight{font-style:normal;color:#f76a0c;-webkit-box-decoration-break:clone;box-decoration-break:clone;padding-top:0px;padding-right:0px;padding-bottom:0px;padding-left:0px;}<\/style>\n<h2 class=\"kt-adv-heading498_32ed73-ed wp-block-kadence-advancedheading\" data-kb-block=\"kb-adv-heading498_32ed73-ed\"><strong>5. Cookies<\/strong><\/h2>\n\n\n\n<p>Le site&nbsp;<a href=\"https:\/\/edenessences.com\/en\/\" target=\"_blank\" rel=\"noopener noreferrer nofollow\">www.edenessences.com<\/a>&nbsp;utilise des cookies pour am\u00e9liorer votre exp\u00e9rience utilisateur. Un cookie est un petit fichier texte enregistr\u00e9 sur votre appareil lorsque vous visitez le site. Vous pouvez configurer votre navigateur pour refuser les cookies ou \u00eatre inform\u00e9 de leur utilisation. Cependant, certaines fonctionnalit\u00e9s du site peuvent \u00eatre limit\u00e9es sans l&rsquo;utilisation des cookies.<\/p>\n\n\n<style>.wp-block-kadence-advancedheading.kt-adv-heading498_6ae5a3-0c, .wp-block-kadence-advancedheading.kt-adv-heading498_6ae5a3-0c[data-kb-block=\"kb-adv-heading498_6ae5a3-0c\"]{font-style:normal;}.wp-block-kadence-advancedheading.kt-adv-heading498_6ae5a3-0c mark.kt-highlight, .wp-block-kadence-advancedheading.kt-adv-heading498_6ae5a3-0c[data-kb-block=\"kb-adv-heading498_6ae5a3-0c\"] mark.kt-highlight{font-style:normal;color:#f76a0c;-webkit-box-decoration-break:clone;box-decoration-break:clone;padding-top:0px;padding-right:0px;padding-bottom:0px;padding-left:0px;}<\/style>\n<h2 class=\"kt-adv-heading498_6ae5a3-0c wp-block-kadence-advancedheading\" data-kb-block=\"kb-adv-heading498_6ae5a3-0c\"><strong>6. Liens Hypertextes<\/strong><\/h2>\n\n\n\n<p>Le site&nbsp;<a href=\"https:\/\/edenessences.com\/en\/\" target=\"_blank\" rel=\"noopener noreferrer nofollow\">www.edenessences.com<\/a>&nbsp;peut contenir des liens hypertextes vers d&rsquo;autres sites web. Eden Essences ne peut \u00eatre tenu responsable du contenu ou des pratiques de confidentialit\u00e9 de ces autres sites.<\/p>\n\n\n<style>.wp-block-kadence-advancedheading.kt-adv-heading498_cd8a36-e9, .wp-block-kadence-advancedheading.kt-adv-heading498_cd8a36-e9[data-kb-block=\"kb-adv-heading498_cd8a36-e9\"]{font-style:normal;}.wp-block-kadence-advancedheading.kt-adv-heading498_cd8a36-e9 mark.kt-highlight, .wp-block-kadence-advancedheading.kt-adv-heading498_cd8a36-e9[data-kb-block=\"kb-adv-heading498_cd8a36-e9\"] mark.kt-highlight{font-style:normal;color:#f76a0c;-webkit-box-decoration-break:clone;box-decoration-break:clone;padding-top:0px;padding-right:0px;padding-bottom:0px;padding-left:0px;}<\/style>\n<h2 class=\"kt-adv-heading498_cd8a36-e9 wp-block-kadence-advancedheading\" data-kb-block=\"kb-adv-heading498_cd8a36-e9\"><strong>7. Loi Applicable<\/strong><\/h2>\n\n\n\n<p>Les pr\u00e9sentes mentions l\u00e9gales sont r\u00e9gies par la loi fran\u00e7aise. En cas de litige, et apr\u00e8s \u00e9chec de toute tentative de recherche d&rsquo;une solution amiable, les tribunaux fran\u00e7ais seront seuls comp\u00e9tents pour r\u00e9gler ce litige.<\/p>","protected":false},"excerpt":{"rendered":"<p>1. Informations G\u00e9n\u00e9rales Propri\u00e9taire du site :Eden Essences6 Rue Moli\u00e8re59130 Lambersart, FranceT\u00e9l\u00e9phone : +33 6 27 74 85 17Email :&nbsp;contact@edenessences.comSite Web :&nbsp;www.edenessences.com Directeur de la publication :Ladislas GABRIEL H\u00e9bergeur :Hostinger&nbsp;International Ltd.61&nbsp;Lordou&nbsp;Vironos&nbsp;str6023&nbsp;Larnaca, Chypre&nbsp;compliance@hostinger.com SIRET :\u00a097957104900019Num\u00e9ro de TVA intracommunautaire :\u00a0FR92979571049 2. Conditions G\u00e9n\u00e9rales d&rsquo;Utilisation du Site L&rsquo;acc\u00e8s et l&rsquo;utilisation du site&nbsp;www.edenessences.com&nbsp;sont soumis aux pr\u00e9sentes conditions g\u00e9n\u00e9rales d&rsquo;utilisation&#8230;.<\/p>","protected":false},"author":1,"featured_media":0,"parent":0,"menu_order":0,"comment_status":"closed","ping_status":"closed","template":"","meta":{"_kad_blocks_custom_css":"","_kad_blocks_head_custom_js":"","_kad_blocks_body_custom_js":"","_kad_blocks_footer_custom_js":"","_kadence_starter_templates_imported_post":false,"_kad_post_transparent":"","_kad_post_title":"","_kad_post_layout":"","_kad_post_sidebar_id":"","_kad_post_content_style":"","_kad_post_vertical_padding":"","_kad_post_feature":"","_kad_post_feature_position":"","_kad_post_header":false,"_kad_post_footer":false,"footnotes":""},"class_list":["post-498","page","type-page","status-publish","hentry"],"taxonomy_info":[],"featured_image_src_large":false,"author_info":{"display_name":"lagab","author_link":"https:\/\/edenessences.com\/en\/author\/lagab\/"},"comment_info":0,"_hostinger_reach_plugin_has_subscription_block":false,"_hostinger_reach_plugin_is_elementor":false,"_links":{"self":[{"href":"https:\/\/edenessences.com\/en\/wp-json\/wp\/v2\/pages\/498","targetHints":{"allow":["GET"]}}],"collection":[{"href":"https:\/\/edenessences.com\/en\/wp-json\/wp\/v2\/pages"}],"about":[{"href":"https:\/\/edenessences.com\/en\/wp-json\/wp\/v2\/types\/page"}],"author":[{"embeddable":true,"href":"https:\/\/edenessences.com\/en\/wp-json\/wp\/v2\/users\/1"}],"replies":[{"embeddable":true,"href":"https:\/\/edenessences.com\/en\/wp-json\/wp\/v2\/comments?post=498"}],"version-history":[{"count":4,"href":"https:\/\/edenessences.com\/en\/wp-json\/wp\/v2\/pages\/498\/revisions"}],"predecessor-version":[{"id":780,"href":"https:\/\/edenessences.com\/en\/wp-json\/wp\/v2\/pages\/498\/revisions\/780"}],"wp:attachment":[{"href":"https:\/\/edenessences.com\/en\/wp-json\/wp\/v2\/media?parent=498"}],"curies":[{"name":"wp","href":"https:\/\/api.w.org\/{rel}","templated":true}]}}